{"id":62,"date":"2015-09-18T11:45:35","date_gmt":"2015-09-18T10:45:35","guid":{"rendered":"http:\/\/cargo.bold-themes.com\/transport-company\/?page_id=62"},"modified":"2024-03-22T09:05:21","modified_gmt":"2024-03-22T08:05:21","slug":"contact","status":"publish","type":"page","link":"https:\/\/spedtranspolska.pl\/?page_id=62","title":{"rendered":"Contact"},"content":{"rendered":"<div class=\"bt_rc_container\"><section id=\"bt_section69f9e180b4133\" data-parallax=\"0.1\" data-parallax-offset=\"-50\" class=\"boldSection topExtraSpaced btDarkSkin gutter btMiddleVertical btParallax wBackground cover\" style=\"background-image:url('https:\/\/spedtranspolska.pl\/wp-content\/uploads\/2015\/10\/transport-dimmed-scaled.jpg');\"><div class=\"port\"><div class=\"boldCell\"><div class=\"boldCellInner\"><div class=\"boldRow \" ><div class=\"rowItem col-md-12 col-ms-12  btTextLeft animate animate-fadein animate-moveleft inherit\"  ><div class=\"rowItemContent\"><header class=\"header btClear extralarge btDash bottomDash  btAccentDash btRegularTitle\" style=\"max-width: 800px;\"><p class=\"btSuperTitle\">Skontaktuj<\/p><div class=\"dash\"><h1><span class=\"headline\">si\u0119 z nami<\/span><\/h1><\/div><\/header><div class=\"btClear btSeparator bottomSemiSpaced noBorder\" ><hr><\/div><\/div><\/div><\/div><\/div><\/div><\/div><\/section><section id=\"bt_section69f9e180b434d\"  class=\"boldSection topSpaced bottomSpaced btLightSkin gutter inherit\" ><div class=\"port\"><div class=\"boldCell\"><div class=\"boldCellInner\"><div class=\"boldRow \" ><div class=\"rowItem col-sm-4 col-ms-12 btTextRight inherit btDoublePadding\"  ><div class=\"rowItemContent\"><header class=\"header btClear medium  btAccentDash btRegularTitle\" ><p class=\"btSuperTitle\">CZE\u015a\u0106<\/p><div class=\"dash\"><h3><span class=\"headline\">w przypadku og\u00f3lnych zapyta\u0144 zach\u0119camy do skorzystania z formularza kontaktowego.<\/span><\/h3><\/div><\/header><\/div><\/div><div class=\"rowItem col-sm-4 col-ms-12 btTextLeft inherit btNoPadding\"  ><div class=\"rowItemContent\">\n<div class=\"wpcf7 no-js\" id=\"wpcf7-f507-o1\" lang=\"en-US\" dir=\"ltr\" data-wpcf7-id=\"507\">\n<div class=\"screen-reader-response\"><p role=\"status\" aria-live=\"polite\" aria-atomic=\"true\"><\/p> <ul><\/ul><\/div>\n<form action=\"\/index.php?rest_route=%2Fwp%2Fv2%2Fpages%2F62#wpcf7-f507-o1\" method=\"post\" class=\"wpcf7-form init\" aria-label=\"Contact form\" novalidate=\"novalidate\" data-status=\"init\">\n<fieldset class=\"hidden-fields-container\"><input type=\"hidden\" name=\"_wpcf7\" value=\"507\" \/><input type=\"hidden\" name=\"_wpcf7_version\" value=\"6.1.5\" \/><input type=\"hidden\" name=\"_wpcf7_locale\" value=\"en_US\" \/><input type=\"hidden\" name=\"_wpcf7_unit_tag\" value=\"wpcf7-f507-o1\" \/><input type=\"hidden\" name=\"_wpcf7_container_post\" value=\"0\" \/><input type=\"hidden\" name=\"_wpcf7_posted_data_hash\" value=\"\" \/>\n<\/fieldset>\n<p>Imi\u0119 i Nazwisko *\n<\/p>\n<p><span class=\"wpcf7-form-control-wrap\" data-name=\"your-name\"><input size=\"40\" maxlength=\"400\" class=\"wpcf7-form-control wpcf7-text wpcf7-validates-as-required\" aria-required=\"true\" aria-invalid=\"false\" value=\"\" type=\"text\" name=\"your-name\" \/><\/span>\n<\/p>\n<p>Tw\u00f3j Email *\n<\/p>\n<p><span class=\"wpcf7-form-control-wrap\" data-name=\"your-email\"><input size=\"40\" maxlength=\"400\" class=\"wpcf7-form-control wpcf7-email wpcf7-validates-as-required wpcf7-text wpcf7-validates-as-email\" aria-required=\"true\" aria-invalid=\"false\" value=\"\" type=\"email\" name=\"your-email\" \/><\/span>\n<\/p>\n<p>Temat *\n<\/p>\n<p><span class=\"wpcf7-form-control-wrap\" data-name=\"your-subject\"><input size=\"40\" maxlength=\"400\" class=\"wpcf7-form-control wpcf7-text\" aria-invalid=\"false\" value=\"\" type=\"text\" name=\"your-subject\" \/><\/span>\n<\/p>\n<p>Wiadomo\u015b\u0107\n<\/p>\n<p><span class=\"wpcf7-form-control-wrap\" data-name=\"your-message\"><textarea cols=\"40\" rows=\"10\" maxlength=\"2000\" class=\"wpcf7-form-control wpcf7-textarea\" aria-invalid=\"false\" name=\"your-message\"><\/textarea><\/span>\n<\/p>\n<p><input class=\"wpcf7-form-control wpcf7-submit has-spinner\" type=\"submit\" value=\"Wy\u015blij\" \/>\n<\/p><p style=\"display: none !important;\" class=\"akismet-fields-container\" data-prefix=\"_wpcf7_ak_\"><label>&#916;<textarea name=\"_wpcf7_ak_hp_textarea\" cols=\"45\" rows=\"8\" maxlength=\"100\"><\/textarea><\/label><input type=\"hidden\" id=\"ak_js_1\" name=\"_wpcf7_ak_js\" value=\"210\"\/><script>document.getElementById( \"ak_js_1\" ).setAttribute( \"value\", ( new Date() ).getTime() );<\/script><\/p><div class=\"wpcf7-response-output\" aria-hidden=\"true\"><\/div>\n<\/form>\n<\/div>\n<\/div><\/div><div class=\"rowItem col-sm-4 col-ms-12 btTextCenter inherit btDoublePadding\"  ><div class=\"rowItemContent\"><div class=\"servicesItem  mediumIcon accentIconType \"><div class=\"sIcon\"><div class=\"btIco medium accent\"><a href=\"#\"  data-ico-s7=\"&#xe669;\" class=\"btIcoHolder\"><\/a><\/div><\/div><div class=\"sTxt\"><header class=\"header btClear extrasmall\" ><div class=\"dash\"><h4><span class=\"headline\">DANE ADRESOWE<\/span><\/h4><\/div><\/header><p>Sped Trans Polska sp. z o.o.\r<br>ul. Mickiewicza 29\r<br>40-085 Katowice\r<br>wie\u017ca B pi\u0119tro IX\r<br>\r<br>NIP: 634 261 68 36\r<br>REGON: 240 470 949\r<br>KRS: 0000267367\r<br>Kapita\u0142 zak\u0142adowy\/wp\u0142acony: 500 000,00PLN<br><\/p><\/div><\/div><div class=\"btClear btSeparator topSmallSpaced noBorder\" ><hr><\/div><div class=\"servicesItem  mediumIcon accentIconType \"><div class=\"sIcon\"><div class=\"btIco medium accent\"><a href=\"#\"  data-ico-s7=\"&#xe6b5;\" class=\"btIcoHolder\"><\/a><\/div><\/div><div class=\"sTxt\"><header class=\"header btClear extrasmall\" ><div class=\"dash\"><h4><span class=\"headline\">KONTAKT<\/span><\/h4><\/div><\/header><p>Sekretariat ( Barbara Piekarska)\r<br>tel: + 48( 32) 207 \u2013 26 \u2013 84 <br><\/p><\/div><\/div><div class=\"btClear btSeparator topSmallSpaced noBorder\" ><hr><\/div><div class=\"servicesItem  mediumIcon accentIconType \"><div class=\"sIcon\"><div class=\"btIco medium accent\"><a href=\"#\"  data-ico-s7=\"&#xe60b;\" class=\"btIcoHolder\"><\/a><\/div><\/div><div class=\"sTxt\"><header class=\"header btClear extrasmall\" ><div class=\"dash\"><h4><span class=\"headline\">PRACUJEMY<\/span><\/h4><\/div><\/header><p>PONIEDZIA\u0141EK 7:00-17:00\r<br>WTOREK 7:00-17:00\r<br>\u015aRODA 7:00-17:00\r<br>CZWARTEK 7:00-17:00\r<br>PI\u0104TEK 7:00-17:00<br><\/p><\/div><\/div><\/div><\/div><\/div><\/div><\/div><\/div><\/section><section id=\"bt_section69f9e180b563d\"  class=\"boldSection btDivider btLightSkin inherit\" ><div class=\"port\"><div class=\"boldCell\"><div class=\"boldCellInner\"><div class=\"boldRow \" ><div class=\"rowItem col-md-12 col-ms-12  btTextCenter animate animate-fadein inherit btNoPadding\"  ><div class=\"rowItemContent\">\r\n\t\t<div class=\"btGoogleMapsWrapper\"><div id=\"map_canvas69f9e180b5a21\" style=\"height:500px;;\" class=\"btGoogleMap\"><\/div><div class=\"btGoogleMapsContent\"><div class=\"btClear btSeparator bottomExtraSmallSpaced noBorder\" ><hr><\/div><div class=\"servicesItem  mediumIcon accentIconType \"><div class=\"sIcon\"><div class=\"btIco medium accent\"><span  data-ico-s7=\"&#xe638;\" class=\"btIcoHolder\"><\/span><\/div><\/div><div class=\"sTxt\"><header class=\"header btClear extrasmall\" ><div class=\"dash\"><h4><span class=\"headline\">NASZA LOKALIZACJA<\/span><\/h4><\/div><\/header><p>Sped Trans Polska sp. z o.o.\r<br>ul. Mickiewicza 29\r<br>40-085 Katowice\r<br>wie\u017ca B pi\u0119tro IX<br><\/p><\/div><\/div><div class=\"btClear btSeparator bottomSmallSpaced noBorder\" ><hr><\/div><\/div><\/div>\r\n\t\t<script type=\"text\/javascript\">\r\n\t\t\tjQuery( document ).ready(function() {\r\n\t\t\t\tbt_gmap_init( map_canvas69f9e180b5a21, 50.26373, 19.01381, 13, \"https:\/\/spedtranspolska.pl\/wp-content\/uploads\/2015\/09\/pin-blue.png\", \"#1e73be\", \"#4d6b7c\", \"#f1f1f1\", \"W3siZmVhdHVyZVR5cGUiOiJhZG1pbmlzdHJhdGl2ZSIsImVsZW1lbnRUeXBlIjoiYWxsIiwic3R5bGVycyI6W3sidmlzaWJpbGl0eSI6Im9uIn0seyJsaWdodG5lc3MiOjMzfV19LHsiZmVhdHVyZVR5cGUiOiJhZG1pbmlzdHJhdGl2ZSIsImVsZW1lbnRUeXBlIjoibGFiZWxzIiwic3R5bGVycyI6W3sic2F0dXJhdGlvbiI6Ii0xMDAifV19LHsiZmVhdHVyZVR5cGUiOiJhZG1pbmlzdHJhdGl2ZSIsImVsZW1lbnRUeXBlIjoibGFiZWxzLnRleHQiLCJzdHlsZXJzIjpbeyJnYW1tYSI6IjAuNzUifV19LHsiZmVhdHVyZVR5cGUiOiJhZG1pbmlzdHJhdGl2ZS5uZWlnaGJvcmhvb2QiLCJlbGVtZW50VHlwZSI6ImxhYmVscy50ZXh0LmZpbGwiLCJzdHlsZXJzIjpbeyJsaWdodG5lc3MiOiItMzcifV19LHsiZmVhdHVyZVR5cGUiOiJsYW5kc2NhcGUiLCJlbGVtZW50VHlwZSI6Imdlb21ldHJ5Iiwic3R5bGVycyI6W3siY29sb3IiOiIjZjlmOWY5In1dfSx7ImZlYXR1cmVUeXBlIjoibGFuZHNjYXBlLm1hbl9tYWRlIiwiZWxlbWVudFR5cGUiOiJnZW9tZXRyeSIsInN0eWxlcnMiOlt7InNhdHVyYXRpb24iOiItMTAwIn0seyJsaWdodG5lc3MiOiI0MCJ9LHsidmlzaWJpbGl0eSI6Im9mZiJ9XX0seyJmZWF0dXJlVHlwZSI6ImxhbmRzY2FwZS5uYXR1cmFsIiwiZWxlbWVudFR5cGUiOiJsYWJlbHMudGV4dC5maWxsIiwic3R5bGVycyI6W3sic2F0dXJhdGlvbiI6Ii0xMDAifSx7ImxpZ2h0bmVzcyI6Ii0zNyJ9XX0seyJmZWF0dXJlVHlwZSI6ImxhbmRzY2FwZS5uYXR1cmFsIiwiZWxlbWVudFR5cGUiOiJsYWJlbHMudGV4dC5zdHJva2UiLCJzdHlsZXJzIjpbeyJzYXR1cmF0aW9uIjoiLTEwMCJ9LHsibGlnaHRuZXNzIjoiMTAwIn0seyJ3ZWlnaHQiOiIyIn1dfSx7ImZlYXR1cmVUeXBlIjoibGFuZHNjYXBlLm5hdHVyYWwiLCJlbGVtZW50VHlwZSI6ImxhYmVscy5pY29uIiwic3R5bGVycyI6W3sic2F0dXJhdGlvbiI6Ii0xMDAifV19LHsiZmVhdHVyZVR5cGUiOiJwb2kiLCJlbGVtZW50VHlwZSI6Imdlb21ldHJ5Iiwic3R5bGVycyI6W3sic2F0dXJhdGlvbiI6Ii0xMDAifSx7ImxpZ2h0bmVzcyI6IjgwIn1dfSx7ImZlYXR1cmVUeXBlIjoicG9pIiwiZWxlbWVudFR5cGUiOiJsYWJlbHMiLCJzdHlsZXJzIjpbeyJzYXR1cmF0aW9uIjoiLTEwMCJ9LHsibGlnaHRuZXNzIjoiMCJ9XX0seyJmZWF0dXJlVHlwZSI6InBvaS5hdHRyYWN0aW9uIiwiZWxlbWVudFR5cGUiOiJnZW9tZXRyeSIsInN0eWxlcnMiOlt7ImxpZ2h0bmVzcyI6Ii00In0seyJzYXR1cmF0aW9uIjoiLTEwMCJ9XX0seyJmZWF0dXJlVHlwZSI6InBvaS5wYXJrIiwiZWxlbWVudFR5cGUiOiJnZW9tZXRyeSIsInN0eWxlcnMiOlt7ImNvbG9yIjoiI2M1ZGFjNiJ9LHsidmlzaWJpbGl0eSI6Im9uIn0seyJzYXR1cmF0aW9uIjoiLTk1In0seyJsaWdodG5lc3MiOiI2MiJ9XX0seyJmZWF0dXJlVHlwZSI6InBvaS5wYXJrIiwiZWxlbWVudFR5cGUiOiJsYWJlbHMiLCJzdHlsZXJzIjpbeyJ2aXNpYmlsaXR5Ijoib24ifSx7ImxpZ2h0bmVzcyI6MjB9XX0seyJmZWF0dXJlVHlwZSI6InJvYWQiLCJlbGVtZW50VHlwZSI6ImFsbCIsInN0eWxlcnMiOlt7ImxpZ2h0bmVzcyI6MjB9XX0seyJmZWF0dXJlVHlwZSI6InJvYWQiLCJlbGVtZW50VHlwZSI6ImxhYmVscyIsInN0eWxlcnMiOlt7InNhdHVyYXRpb24iOiItMTAwIn0seyJnYW1tYSI6IjEuMDAifV19LHsiZmVhdHVyZVR5cGUiOiJyb2FkIiwiZWxlbWVudFR5cGUiOiJsYWJlbHMudGV4dCIsInN0eWxlcnMiOlt7ImdhbW1hIjoiMC41MCJ9XX0seyJmZWF0dXJlVHlwZSI6InJvYWQiLCJlbGVtZW50VHlwZSI6ImxhYmVscy5pY29uIiwic3R5bGVycyI6W3sic2F0dXJhdGlvbiI6Ii0xMDAifSx7ImdhbW1hIjoiMC41MCJ9XX0seyJmZWF0dXJlVHlwZSI6InJvYWQuaGlnaHdheSIsImVsZW1lbnRUeXBlIjoiZ2VvbWV0cnkiLCJzdHlsZXJzIjpbeyJjb2xvciI6IiNjNWM2YzYifSx7InNhdHVyYXRpb24iOiItMTAwIn1dfSx7ImZlYXR1cmVUeXBlIjoicm9hZC5oaWdod2F5IiwiZWxlbWVudFR5cGUiOiJnZW9tZXRyeS5zdHJva2UiLCJzdHlsZXJzIjpbeyJsaWdodG5lc3MiOiItMTMifV19LHsiZmVhdHVyZVR5cGUiOiJyb2FkLmhpZ2h3YXkiLCJlbGVtZW50VHlwZSI6ImxhYmVscy5pY29uIiwic3R5bGVycyI6W3sibGlnaHRuZXNzIjoiMCJ9LHsiZ2FtbWEiOiIxLjA5In1dfSx7ImZlYXR1cmVUeXBlIjoicm9hZC5hcnRlcmlhbCIsImVsZW1lbnRUeXBlIjoiZ2VvbWV0cnkiLCJzdHlsZXJzIjpbeyJjb2xvciI6IiNlNGQ3YzYifSx7InNhdHVyYXRpb24iOiItMTAwIn0seyJsaWdodG5lc3MiOiI0NyJ9XX0seyJmZWF0dXJlVHlwZSI6InJvYWQuYXJ0ZXJpYWwiLCJlbGVtZW50VHlwZSI6Imdlb21ldHJ5LnN0cm9rZSIsInN0eWxlcnMiOlt7ImxpZ2h0bmVzcyI6Ii0xMiJ9XX0seyJmZWF0dXJlVHlwZSI6InJvYWQuYXJ0ZXJpYWwiLCJlbGVtZW50VHlwZSI6ImxhYmVscy5pY29uIiwic3R5bGVycyI6W3sic2F0dXJhdGlvbiI6Ii0xMDAifV19LHsiZmVhdHVyZVR5cGUiOiJyb2FkLmxvY2FsIiwiZWxlbWVudFR5cGUiOiJnZW9tZXRyeSIsInN0eWxlcnMiOlt7ImNvbG9yIjoiI2ZiZmFmNyJ9LHsibGlnaHRuZXNzIjoiNzcifV19LHsiZmVhdHVyZVR5cGUiOiJyb2FkLmxvY2FsIiwiZWxlbWVudFR5cGUiOiJnZW9tZXRyeS5maWxsIiwic3R5bGVycyI6W3sibGlnaHRuZXNzIjoiLTUifSx7InNhdHVyYXRpb24iOiItMTAwIn1dfSx7ImZlYXR1cmVUeXBlIjoicm9hZC5sb2NhbCIsImVsZW1lbnRUeXBlIjoiZ2VvbWV0cnkuc3Ryb2tlIiwic3R5bGVycyI6W3sic2F0dXJhdGlvbiI6Ii0xMDAifSx7ImxpZ2h0bmVzcyI6Ii0xNSJ9XX0seyJmZWF0dXJlVHlwZSI6InRyYW5zaXQuc3RhdGlvbi5haXJwb3J0IiwiZWxlbWVudFR5cGUiOiJnZW9tZXRyeSIsInN0eWxlcnMiOlt7ImxpZ2h0bmVzcyI6IjQ3In0seyJzYXR1cmF0aW9uIjoiLTEwMCJ9XX0seyJmZWF0dXJlVHlwZSI6IndhdGVyIiwiZWxlbWVudFR5cGUiOiJhbGwiLCJzdHlsZXJzIjpbeyJ2aXNpYmlsaXR5Ijoib24ifSx7ImNvbG9yIjoiI2FjYmNjOSJ9XX0seyJmZWF0dXJlVHlwZSI6IndhdGVyIiwiZWxlbWVudFR5cGUiOiJnZW9tZXRyeSIsInN0eWxlcnMiOlt7InNhdHVyYXRpb24iOiI1MyJ9XX0seyJmZWF0dXJlVHlwZSI6IndhdGVyIiwiZWxlbWVudFR5cGUiOiJsYWJlbHMudGV4dC5maWxsIiwic3R5bGVycyI6W3sibGlnaHRuZXNzIjoiLTQyIn0seyJzYXR1cmF0aW9uIjoiMTcifV19LHsiZmVhdHVyZVR5cGUiOiJ3YXRlciIsImVsZW1lbnRUeXBlIjoibGFiZWxzLnRleHQuc3Ryb2tlIiwic3R5bGVycyI6W3sibGlnaHRuZXNzIjoiNjEifV19XQ==\" );\r\n\t\t\t\t});\t\r\n\t\t<\/script>\r\n\t\t<\/div><\/div><\/div><\/div><\/div><\/div><\/section><\/div>","protected":false},"excerpt":{"rendered":"","protected":false},"author":1,"featured_media":0,"parent":58,"menu_order":0,"comment_status":"closed","ping_status":"closed","template":"","meta":{"footnotes":""},"class_list":["post-62","page","type-page","status-publish","hentry"],"_links":{"self":[{"href":"https:\/\/spedtranspolska.pl\/index.php?rest_route=\/wp\/v2\/pages\/62","targetHints":{"allow":["GET"]}}],"collection":[{"href":"https:\/\/spedtranspolska.pl\/index.php?rest_route=\/wp\/v2\/pages"}],"about":[{"href":"https:\/\/spedtranspolska.pl\/index.php?rest_route=\/wp\/v2\/types\/page"}],"author":[{"embeddable":true,"href":"https:\/\/spedtranspolska.pl\/index.php?rest_route=\/wp\/v2\/users\/1"}],"replies":[{"embeddable":true,"href":"https:\/\/spedtranspolska.pl\/index.php?rest_route=%2Fwp%2Fv2%2Fcomments&post=62"}],"version-history":[{"count":17,"href":"https:\/\/spedtranspolska.pl\/index.php?rest_route=\/wp\/v2\/pages\/62\/revisions"}],"predecessor-version":[{"id":2222,"href":"https:\/\/spedtranspolska.pl\/index.php?rest_route=\/wp\/v2\/pages\/62\/revisions\/2222"}],"up":[{"embeddable":true,"href":"https:\/\/spedtranspolska.pl\/index.php?rest_route=\/wp\/v2\/pages\/58"}],"wp:attachment":[{"href":"https:\/\/spedtranspolska.pl\/index.php?rest_route=%2Fwp%2Fv2%2Fmedia&parent=62"}],"curies":[{"name":"wp","href":"https:\/\/api.w.org\/{rel}","templated":true}]}}